{"id":1144,"date":"2020-09-06T14:41:16","date_gmt":"2020-09-06T12:41:16","guid":{"rendered":"http:\/\/assoyogafacondetre.com\/fr\/?page_id=1144"},"modified":"2025-04-16T22:55:08","modified_gmt":"2025-04-16T20:55:08","slug":"accueil","status":"publish","type":"page","link":"https:\/\/assoyogafacondetre.com\/fr\/","title":{"rendered":"Accueil"},"content":{"rendered":"\n<p><p style=\"text-align: center;\"><em><span style=\"font-weight: 400;\">\u00ab\u00a0Adishatz monde ! Planvenguts per obrir la porta cap al bonur !\u00a0\u00bb<\/span><\/em><\/p><\/p>\n\n\n\n<hr class=\"wp-block-separator has-alpha-channel-opacity is-style-dots\"\/>\n\n\n\n<div class=\"wp-block-columns are-vertically-aligned-center is-layout-flex wp-container-core-columns-is-layout-9d6595d7 wp-block-columns-is-layout-flex\">\n<div class=\"wp-block-column is-vertically-aligned-center is-layout-flow wp-block-column-is-layout-flow\" style=\"flex-basis:33.33%\">\n<figure class=\"wp-block-image size-large\"><img loading=\"lazy\" decoding=\"async\" width=\"1024\" height=\"956\" src=\"https:\/\/assoyogafacondetre.com\/fr\/wp-content\/uploads\/2021\/11\/heroimg-1024x956.png\" alt=\"\" class=\"wp-image-1241\" srcset=\"https:\/\/assoyogafacondetre.com\/fr\/wp-content\/uploads\/2021\/11\/heroimg-1024x956.png 1024w, https:\/\/assoyogafacondetre.com\/fr\/wp-content\/uploads\/2021\/11\/heroimg-300x280.png 300w, https:\/\/assoyogafacondetre.com\/fr\/wp-content\/uploads\/2021\/11\/heroimg-768x717.png 768w, https:\/\/assoyogafacondetre.com\/fr\/wp-content\/uploads\/2021\/11\/heroimg-1536x1434.png 1536w, https:\/\/assoyogafacondetre.com\/fr\/wp-content\/uploads\/2021\/11\/heroimg-2048x1913.png 2048w\" sizes=\"auto, (max-width: 1024px) 100vw, 1024px\" \/><\/figure>\n<\/div>\n\n\n\n<div class=\"wp-block-column is-vertically-aligned-center is-layout-flow wp-block-column-is-layout-flow\" style=\"flex-basis:66.66%\">\n<p><p><em><strong>ALORS, HEUREUX, HEUREUSE ?<\/strong><\/em><\/p><\/p>\n\n\n\n<ul class=\"wp-block-list\">\n<li><span style=\"font-size: inherit;\">Si la r\u00e9ponse est <\/span><em style=\"font-size: inherit;\"><strong>OUI<\/strong> :<\/em><span style=\"font-size: inherit;\"> bienvenue parmi nous dans toutes nos activit\u00e9s, <\/span><span style=\"font-size: inherit; color: rgb(0, 128, 0);\"><span style=\"color: #333399;\">avec vos amis ou vos proches&#8230;<\/span> <span style=\"color: #000000;\">s\u00e9ances hebdomadaires, ateliers, stages journ\u00e9e ou week-end. N&rsquo;h\u00e9sitez pas \u00e0 nous rejoindre pour poursuivre votre avanc\u00e9e sur votre chemin de d\u00e9veloppement personnel et\/ou spirituel&#8230; Apprendre \u00e0 vivre le plus souvent possible en conscience.<\/span><\/span><\/li>\n<\/ul>\n\n\n\n<ul class=\"wp-block-list\">\n<li>Si la r\u00e9ponse est <em style=\"font-size: inherit;\"><strong>BOF, pas vraiment <\/strong><\/em><span style=\"font-size: inherit;\">: bienvenue dans nos <\/span><span style=\"font-size: inherit; color: rgb(0, 0, 128);\">ateliers de yoga et nos m\u00e9ditations, <\/span><span style=\"font-size: inherit;\">nos ateliers d\u2019<\/span><span style=\"font-size: inherit; color: rgb(0, 0, 128);\">harmonisation \u00e9nerg\u00e9tique <\/span><span style=\"font-size: inherit;\">pour dissoudre ce qui vous emp\u00eache d&rsquo;\u00eatre joyeux ou serein ; d\u00e9couvrez l&rsquo;<\/span><span style=\"font-size: inherit; color: rgb(128, 0, 0);\"><span style=\"color: #000080;\">Ayurveda \u00e9nerg\u00e9tique<\/span> <span style=\"color: #000000;\">: accompagnement individualis\u00e9, particuli\u00e8rement adapt\u00e9 pour rep\u00e9rer les blocages, les emp\u00eachements, les voiles&#8230; et bien s\u00fbr vous reconnecter \u00e0 votre \u00eatre profond, authentique. Bienvenue dans nos ateliers d&rsquo;\u00e9tude, nos conf\u00e9rences<\/span><\/span><span style=\"font-size: inherit;\">.<\/span><\/li>\n<\/ul>\n\n\n\n<ul class=\"wp-block-list\">\n<li><span style=\"font-size: inherit;\">Si la r\u00e9ponse est <em><strong>C&rsquo;EST LA CATA :<\/strong><\/em> nous sommes disponibles pour vous&#8230; et d&rsquo;abord : <\/span><strong style=\"font-size: inherit;\">ralentir ! <\/strong><span style=\"font-size: inherit;\">Avec les relaxations, les <\/span><span style=\"font-size: inherit; color: rgb(51, 51, 153);\">m\u00e9ditations<\/span><span style=\"font-size: inherit;\"> en assise immobile, m\u00e9ditations en mouvement, nos <\/span><span style=\"font-size: inherit; color: rgb(51, 51, 153);\">marches m\u00e9ditatives, ou encore nos danses !<\/span><\/li>\n<\/ul>\n<\/div>\n<\/div>\n\n\n\n<p><strong>Sama Ananda<\/strong>, ou l&rsquo;Association Fa\u00e7on d&rsquo;\u00catre, c\u2019est une aventure n\u00e9e du c\u0153ur, port\u00e9e par Marie-Fran\u00e7oise, \u00ab tornade apais\u00e9e \u00bb devenue monitrice puis praticienne en \u00e9nerg\u00e9tique apr\u00e8s sa rencontre d\u00e9cisive avec le <strong>Yoga de Samara<\/strong>. Transmis dans la bienveillance et l\u2019\u00e9coute, ce yoga ancien et profond\u00e9ment moderne est aujourd\u2019hui propos\u00e9 \u00e0 <strong>Aire-sur-l\u2019Adour<\/strong> sous forme de <a class=\"\" href=\"#\">s\u00e9ances hebdomadaires<\/a>, <a href=\"https:\/\/assoyogafacondetre.com\/fr\/calendrier\/\" title=\"Calendrier\">stages ressourcement<\/a>, <a href=\"https:\/\/assoyogafacondetre.com\/fr\/calendrier\/formations\/\" title=\"Formations\">formations en Yoga &amp; Ayurveda \u00e9nerg\u00e9tique<\/a>, et <a href=\"https:\/\/assoyogafacondetre.com\/fr\/yoga\/meditation\/\" title=\"M\u00e9ditation\">ateliers m\u00e9ditation<\/a> &amp; <a href=\"https:\/\/assoyogafacondetre.com\/fr\/yoga\/\" title=\"\">Soul Yoga<\/a>. En pr\u00e9sentiel ou \u00e0 distance, en groupe ou chez vous, Sama Ananda vous accompagne sur le chemin vers plus de calme, de vitalit\u00e9, et de pr\u00e9sence \u00e0 soi, pour <span style=\"font-size: inherit;\">laisser vos soucis de c\u00f4t\u00e9 et revenir \u00e0 ce qu&rsquo;il y a de plus Essentiel en vous.<\/span> <a href=\"https:\/\/assoyogafacondetre.com\/fr\/calendrier\/\" title=\"Calendrier\">Calendrier<\/a> \u2013 <a href=\"https:\/\/assoyogafacondetre.com\/fr\/contact\/\" title=\"Contact\">Contact<\/a><\/p>\n\n\n\n<hr class=\"wp-block-separator has-alpha-channel-opacity is-style-dots\"\/>\n\n\n\n<p class=\"has-text-align-center\">Nos 3 valeurs : Authenticit\u00e9, \u00c9coute Bienveillante et Engagement.<\/p>\n\n\n\n<h2 class=\"wp-block-heading has-text-align-center\"><em><span style=\"font-weight: 400;\">Vis ton Essen&rsquo;Ciel !<\/span><\/em><\/h2>\n","protected":false},"excerpt":{"rendered":"<p>\u00ab\u00a0Adishatz monde ! Planvenguts per obrir la porta cap al bonur !\u00a0\u00bb ALORS, HEUREUX, HEUREUSE ? Sama Ananda, ou l&rsquo;Association Fa\u00e7on d&rsquo;\u00catre, c\u2019est une aventure n\u00e9e du c\u0153ur, port\u00e9e par Marie-Fran\u00e7oise, \u00ab tornade apais\u00e9e \u00bb devenue monitrice puis praticienne en \u00e9nerg\u00e9tique apr\u00e8s sa rencontre d\u00e9cisive avec le Yoga de Samara. Transmis dans la bienveillance et &#8230; <a title=\"Accueil\" class=\"read-more\" href=\"https:\/\/assoyogafacondetre.com\/fr\/\" aria-label=\"En savoir plus sur Accueil\">Lire la suite<\/a><\/p>\n","protected":false},"author":1,"featured_media":0,"parent":0,"menu_order":0,"comment_status":"closed","ping_status":"closed","template":"","meta":{"footnotes":""},"class_list":["post-1144","page","type-page","status-publish"],"aioseo_notices":[],"_links":{"self":[{"href":"https:\/\/assoyogafacondetre.com\/fr\/wp-json\/wp\/v2\/pages\/1144","targetHints":{"allow":["GET"]}}],"collection":[{"href":"https:\/\/assoyogafacondetre.com\/fr\/wp-json\/wp\/v2\/pages"}],"about":[{"href":"https:\/\/assoyogafacondetre.com\/fr\/wp-json\/wp\/v2\/types\/page"}],"author":[{"embeddable":true,"href":"https:\/\/assoyogafacondetre.com\/fr\/wp-json\/wp\/v2\/users\/1"}],"replies":[{"embeddable":true,"href":"https:\/\/assoyogafacondetre.com\/fr\/wp-json\/wp\/v2\/comments?post=1144"}],"version-history":[{"count":28,"href":"https:\/\/assoyogafacondetre.com\/fr\/wp-json\/wp\/v2\/pages\/1144\/revisions"}],"predecessor-version":[{"id":19947,"href":"https:\/\/assoyogafacondetre.com\/fr\/wp-json\/wp\/v2\/pages\/1144\/revisions\/19947"}],"wp:attachment":[{"href":"https:\/\/assoyogafacondetre.com\/fr\/wp-json\/wp\/v2\/media?parent=1144"}],"curies":[{"name":"wp","href":"https:\/\/api.w.org\/{rel}","templated":true}]}}