{"id":1185,"date":"2021-11-24T17:50:45","date_gmt":"2021-11-24T16:50:45","guid":{"rendered":"https:\/\/assoyogafacondetre.com\/fr\/?page_id=1185"},"modified":"2025-09-04T16:58:40","modified_gmt":"2025-09-04T14:58:40","slug":"meditation","status":"publish","type":"page","link":"https:\/\/assoyogafacondetre.com\/fr\/yoga\/meditation\/","title":{"rendered":"M\u00e9ditation"},"content":{"rendered":"<h2><span style=\"color: #0000ff;\">Enfin j&rsquo;apprends \u00e0 m\u00e9diter !<\/span><\/h2>\n<h3>ATELIERS DE MATINEE<\/h3>\n<p>D&rsquo;abord le YOGA, puis la MEDITATION &#8211; 9h \u00e0 12h le mardi 23 septembre ;\u00a0 \u00a0 16h \u00e0 19h le mercredi 10 septembre<\/p>\n<h5>\u00a0<\/h5>\n<h5><span style=\"color: #0000ff;\"><strong>TOUS les JEUDI \u00e0 19h30 \u00e0 Aire sur Adour\u00a0 &#8211;\u00a0 atelier de 1h30 &#8211; Pr\u00e9paration \u00e0 la m\u00e9ditation originelle &#8211; <span style=\"color: #ff00ff;\">nouveau !<\/span><br \/><\/strong><\/span><\/h5>\n<p>Entrer dans le cercle des m\u00e9ditants, c&rsquo;est possible et FACILE ! Marie-Fran\u00e7oise sera heureuse de vous accompagner pour votre premi\u00e8re exp\u00e9rience (si c&rsquo;est le cas) ou approfondir votre pratique en d\u00e9couvrant divers types de m\u00e9ditation.<\/p>\n<p>S&rsquo;asseoir dans une posture&#8230;.. et ne rien faire !\u00a0 <span style=\"color: #ff00ff;\"><strong>1\u00e8re s\u00e9ance d\u00e9couverte gratuite<\/strong><\/span><\/p>\n<p><strong>Mais la m\u00e9ditation n&rsquo;est pas une attitude passive&#8230; Laisser passer les pens\u00e9es et revenir \u00e0 soi, encore, toujours, est une activit\u00e9 intense.<\/strong><\/p>\n<p>Progressivement, de septembre \u00e0 d\u00e9cembre, nous vous accompagnerons dans l&rsquo;apprentissage de la m\u00e9ditation. Tout d&rsquo;abord 10mn puis jusqu&rsquo;\u00e0 2 temps de m\u00e9ditation immobile de 20mn. Entre les m\u00e9ditations dans l&rsquo;immobilit\u00e9, vous d\u00e9couvrirez les Arkanas Majeurs du Yoga de Samara, et la M\u00e9ditation en Mouvement (mouvements m\u00e9ditatifs).<\/p>\n<p><img loading=\"lazy\" decoding=\"async\" class=\"aligncenter wp-image-1302 \" src=\"https:\/\/assoyogafacondetre.com\/fr\/wp-content\/uploads\/2021\/11\/vlcsnap-2021-11-14-20h21m00s178\" alt=\"\" width=\"419\" height=\"277\" \/><\/p>\n<p>Cet atelier est ouvert \u00e0 tous, il n&rsquo;y a pas de pr\u00e9-requis.<\/p>\n<p>Les effets de la m\u00e9ditation :<\/p>\n<ul>\n<li>Renforcement du syst\u00e8me nerveux<\/li>\n<li>Am\u00e9lioration des relations et de la vie en g\u00e9n\u00e9ral,<\/li>\n<li>Am\u00e9lioration de la sant\u00e9<\/li>\n<li>Nettoyage mental et \u00e9motionnel<\/li>\n<\/ul>\n<p style=\"text-align: center;\"><strong>* * * * * * * <\/strong><\/p>\n<h2 style=\"text-align: left;\"><span style=\"color: #ff0000;\"><span style=\"color: #0000ff;\">SOUL YOGA DE SAMARA<\/span><\/span><\/h2>\n<h4 style=\"text-align: left;\"><span style=\"color: #ff0000;\"><span style=\"color: #0000ff;\"> (le yoga de l&rsquo;\u00e2me ; le niveau sup\u00e9rieur du Yoga de Samara) <\/span><br \/><\/span><\/h4>\n<p><span style=\"color: #ff00ff;\"><strong>Prochainement : lundi 7 juillet &#8211; 19h30 \u00e0 21h30 &#8211; 25\u20ac\u00a0 Prix sp\u00e9cial<\/strong><\/span><\/p>\n<section class=\"s_text_block\" data-name=\"Text block\">\n<div class=\"container\">\n<div class=\"row\">\n<div class=\"col-lg-12 pb32 pt48\">\n<h4 class=\"lead\"><b>Depuis la nuit des temps<\/b><\/h4>\n<p class=\"lead\">Consid\u00e9r\u00e9s comme des pratiques spirituelles de l&rsquo;\u00e2me, les \u00a0\u00bbArkana-mudras\u00a0\u00bb existent depuis l&rsquo;\u00e9poque pr\u00e9historique, avant la naissance des religions et grandes civilisations de l&rsquo;Antiquit\u00e9. Ils \u00e9taient pour certains \u00eatres humains une fa\u00e7on de se relier plus profond\u00e9ment aux forces de la nature et \u00e0 celles du monde des \u00e2mes et des esprits. On dit qu&rsquo;ils conduisent de l&rsquo;ignorance \u00e0 la connaissance, du manque d&rsquo;\u00e9nergie, \u00e0 la force, du conflit et de la haine \u00e0 la compassion et l&rsquo;amour.<\/p>\n<h4 class=\"lead\"><b>Un yoga postural<\/b><\/h4>\n<p class=\"lead\">Cette pratique se d\u00e9roule dans le cadre d&rsquo;une s\u00e9ance-type de 50 minutes, dont l&rsquo;essentiel consiste dans la prise d&rsquo;une posture m\u00e9ditative, appel\u00e9e Arkana-mudra, qui r\u00e9pondra \u00e0 l&rsquo;intention que vous aurez pos\u00e9e au pr\u00e9alable, sur une musique con\u00e7ue sp\u00e9cialement \u00e0 cet effet. La posture sp\u00e9cifique qu&rsquo;on prend est comme une cl\u00e9 qui permet \u00e0 notre sagesse int\u00e9rieure d&rsquo;acc\u00e9der \u00e0 des perceptions plus subtiles et d&rsquo;entrer en contact avec d&rsquo;autres r\u00e9alit\u00e9s.<\/p>\n<h4 class=\"lead\"><b>L&rsquo;\u00e9nergie te transforme<\/b><\/h4>\n<p class=\"lead\">\u00ab\u00a0Quand tu restes immobile, l&rsquo;\u00e9nergie reste en toi et te transforme. Elle te permet d&rsquo;entrer en contact avec d&rsquo;autres r\u00e9alit\u00e9s propres \u00e0 l&rsquo;\u00e9nergie de la musique ou \u00e0 la source de la musique\u00a0\u00bb (Idris Lahore). Lors de ces m\u00e9ditations, vous avez donc acc\u00e8s \u00e0 des perceptions de nature physique, sensations, odeurs, \u00e9motionnelle ou encore sous forme de pens\u00e9es ou d&rsquo;images. Ainsi, vous pouvez trouver de meilleures solutions \u00e0 vos difficult\u00e9s et de nouvelles r\u00e9ponses \u00e0 vos questions.<\/p>\n<div class=\"t_img_hover_1 te_img_effect2 te_offer_s8_big_img\"><img loading=\"lazy\" decoding=\"async\" class=\"img img-fluid mx-auto alignleft\" title=\"\" src=\"https:\/\/www.eyme-yoga.com\/web\/image\/45880\/Emma_0017ss-1600px.jpg?access_token=bcecc901-1c8a-45f4-9db6-70734028338f\" width=\"301\" height=\"301\" data-original-title=\"\" aria-describedby=\"tooltip423152\" \/><\/div>\n<div class=\"s_card card bg-white w-100\" data-name=\"Card\">\u00a0<\/div>\n<\/div>\n<\/div>\n<\/div>\n<\/section>\n<div class=\"oe_structure\" data-name=\"Style 8\">\n<section class=\"col-lg-6\">\n<div class=\"row align-items-center pt-2 pt-lg-0\">\n<div class=\"col-lg-12 col-sm-6 col-md-6\">\n<div class=\"t_img_hover_1 te_img_effect2 te_offer_s8_small_img\"><img loading=\"lazy\" decoding=\"async\" class=\"img img-fluid\" title=\"\" src=\"https:\/\/www.eyme-yoga.com\/web\/image\/68441\/46138451002_0befe2ef7a_k.jpg?access_token=41e8e01a-84d5-49a7-b3ac-027f09735a3c\" width=\"311\" height=\"175\" data-original-title=\"\" aria-describedby=\"tooltip273772\" \/><\/div>\n<\/div>\n<\/div>\n<\/section>\n<\/div>\n<section class=\"d-inline-block w-100 pt32 pb32\" data-name=\"Style 8\">\n<div class=\"container\">\n<div class=\"row align-items-center\">\n<div class=\"col-lg-6\">\n<div class=\"te_offer_s8_left_content\">\u00a0<\/div>\n<\/div>\n<\/div>\n<\/div>\n<div>\u00a0<\/div>\n<\/section>\n<ul>\n<li><strong>Dates :\u00a0<\/strong> &#8211; sur r\u00e9servation &#8211; atelier d\u00e9butants en matin\u00e9e &#8211; atelier approfondissement en soir\u00e9e<\/li>\n<li><strong>Dur\u00e9e<\/strong> : <strong>MATINEE 9H \u00e0 12H\u00a0<\/strong> 1 s\u00e9ance de Yoga de Samara suivie d&rsquo;une s\u00e9ance de Soul Yoga de Samara<\/li>\n<li><strong>SOIREE\u00a0 19h \u00e0 20h30<\/strong> : 1 s\u00e9ance de Soul Yoga de Samara (travail de l&rsquo;intention &#8211; s\u00e9ance &#8211; partage)<\/li>\n<li><strong>Lieu : <\/strong>Avenue Jean-Charles Lamarque 40800 AIRE SUR L&rsquo;ADOUR<strong><br \/><\/strong><\/li>\n<li><strong>Tarif :<\/strong> 30\u20ac la matin\u00e9e ; 15\u20ac la Soir\u00e9e ; tarif trimestre et ann\u00e9e<\/li>\n<li><strong>Pour toutes informations sur la pratique : <\/strong>06 09 11 99 26<\/li>\n<\/ul>\n<p><span style=\"color: #ff00ff;\"><strong>Prochainement : lundi 7 juillet &#8211; 19h30 \u00e0 21h30 &#8211; 25\u20ac\u00a0 Prix sp\u00e9cial<\/strong><\/span><\/p>\n<h2><span style=\"color: #0000ff;\">SAMAZEN\u00a0\u00a0\u00a0 (\u00e0 venir)<\/span><\/h2>\n<p>Emma Thyloch, ma\u00eetre du Samadeva, directement form\u00e9e par Idris Lahore pendant plus de 25 ans aux diff\u00e9rentes m\u00e9thodes psychocorporelles du Samadeva, vient de cr\u00e9er<strong>\u00a03 nouvelles s\u00e9ances type de Yoga de Samara<\/strong>.<\/p>\n<p>Ces nouvelles s\u00e9ances sont bas\u00e9es sur la quintessence du<strong> Yoga de Samara<\/strong> et du <strong>Lahore Nadi Yoga<\/strong> associ\u00e9e \u00e0 la pratique des <strong>Mudras merveilleux<\/strong> et des <strong>M\u00e9ditations th\u00e9rapeutiques des organes<\/strong>\u00a0afin de dynamiser et revitaliser les diff\u00e9rents syst\u00e8mes de notre corps.<\/p>\n<p>Chaque s\u00e9ance agit\u00a0sp\u00e9cifiquement\u00a0sur un syst\u00e8me du corps, et toujours sur le syst\u00e8me nerveux, pour une d\u00e9tente et une r\u00e9g\u00e9n\u00e9ration en profondeur.<\/p>\n<p><span class=\"text-alpha\">Les m\u00e9ditations et mouvements pratiqu\u00e9s pendant ces 3 jours donneront un nouveau souffle \u00e0 tout votre organisme en harmonisant votre corps et votre psychisme. Une occasion r\u00eav\u00e9e pour r\u00e9tablir un lien fort et intime avec tout votre \u00catre !<\/span><\/p>\n<hr \/>\n<h3 style=\"text-align: center;\"><span style=\"color: #0000ff;\">\u00a0\u00a0 M\u00e9diter dans la nature&#8230; <\/span><span style=\"color: #0000ff;\">au bord de\u00a0 l&rsquo;Adour<\/span><\/h3>\n\n\n<p><\/p>\n","protected":false},"excerpt":{"rendered":"<p>Enfin j&rsquo;apprends \u00e0 m\u00e9diter ! ATELIERS DE MATINEE D&rsquo;abord le YOGA, puis la MEDITATION &#8211; 9h \u00e0 12h le mardi 23 septembre ;\u00a0 \u00a0 16h \u00e0 19h le mercredi 10 septembre \u00a0 TOUS les JEUDI \u00e0 19h30 \u00e0 Aire sur Adour\u00a0 &#8211;\u00a0 atelier de 1h30 &#8211; Pr\u00e9paration \u00e0 la m\u00e9ditation originelle &#8211; nouveau ! Entrer &#8230; <a title=\"M\u00e9ditation\" class=\"read-more\" href=\"https:\/\/assoyogafacondetre.com\/fr\/yoga\/meditation\/\" aria-label=\"En savoir plus sur M\u00e9ditation\">Lire la suite<\/a><\/p>\n","protected":false},"author":1,"featured_media":0,"parent":1182,"menu_order":0,"comment_status":"closed","ping_status":"closed","template":"","meta":{"footnotes":""},"class_list":["post-1185","page","type-page","status-publish"],"aioseo_notices":[],"_links":{"self":[{"href":"https:\/\/assoyogafacondetre.com\/fr\/wp-json\/wp\/v2\/pages\/1185","targetHints":{"allow":["GET"]}}],"collection":[{"href":"https:\/\/assoyogafacondetre.com\/fr\/wp-json\/wp\/v2\/pages"}],"about":[{"href":"https:\/\/assoyogafacondetre.com\/fr\/wp-json\/wp\/v2\/types\/page"}],"author":[{"embeddable":true,"href":"https:\/\/assoyogafacondetre.com\/fr\/wp-json\/wp\/v2\/users\/1"}],"replies":[{"embeddable":true,"href":"https:\/\/assoyogafacondetre.com\/fr\/wp-json\/wp\/v2\/comments?post=1185"}],"version-history":[{"count":11,"href":"https:\/\/assoyogafacondetre.com\/fr\/wp-json\/wp\/v2\/pages\/1185\/revisions"}],"predecessor-version":[{"id":20002,"href":"https:\/\/assoyogafacondetre.com\/fr\/wp-json\/wp\/v2\/pages\/1185\/revisions\/20002"}],"up":[{"embeddable":true,"href":"https:\/\/assoyogafacondetre.com\/fr\/wp-json\/wp\/v2\/pages\/1182"}],"wp:attachment":[{"href":"https:\/\/assoyogafacondetre.com\/fr\/wp-json\/wp\/v2\/media?parent=1185"}],"curies":[{"name":"wp","href":"https:\/\/api.w.org\/{rel}","templated":true}]}}