{"id":1190,"date":"2021-11-24T17:53:52","date_gmt":"2021-11-24T16:53:52","guid":{"rendered":"https:\/\/assoyogafacondetre.com\/fr\/?page_id=1190"},"modified":"2025-09-04T15:08:54","modified_gmt":"2025-09-04T13:08:54","slug":"enneagramme","status":"publish","type":"page","link":"https:\/\/assoyogafacondetre.com\/fr\/ateliers-conferences\/enneagramme\/","title":{"rendered":"Enn\u00e9agramme"},"content":{"rendered":"<h3 style=\"text-align: center;\"><strong>Prendre de la hauteur, avec l&rsquo;Enneagramme&#8230;<\/strong><\/h3>\n<p>L&rsquo;<strong>Enneagramme<\/strong> est une m\u00e9thode visant \u00e0 une meilleure connaissance de soi, de l&rsquo;autre et des autres, pour r\u00e9pondre \u00e0 la plus grande \u00e9nigme de tous les temps :<\/p>\n<blockquote>\n<h2 style=\"text-align: center;\"><strong>\u00ab\u00a0qui suis-je ?\u00a0\u00bb<\/strong><\/h2>\n<\/blockquote>\n<p>L&rsquo;<strong>Enneagramme<\/strong> tel qu&rsquo;il est repr\u00e9sent\u00e9 ici, avec ses nombres de 1 \u00e0 9, repr\u00e9sente 9 types possibles d&rsquo;\u00eatres humains. Ces 9 types de personnalit\u00e9s sont issus des conditionnements de l&rsquo;enfance. L&rsquo;\u00e9tude de l&rsquo;Enneagramme m\u00e8ne \u00e0 la lib\u00e9ration des croyances limitantes qui nous emprisonnent dans des comportements inadapt\u00e9s. Elle permet d&rsquo;acc\u00e9der \u00e0 une connaissance approfondie de soi et des autres.<\/p>\n<div class=\"imgennea\"><img loading=\"lazy\" decoding=\"async\" class=\"wp-image-1392\" src=\"https:\/\/assoyogafacondetre.com\/fr\/wp-content\/uploads\/2021\/11\/ENNEAGRAMMEPICDUMIDI2.png\" alt=\"\" width=\"312\" height=\"312\" srcset=\"https:\/\/assoyogafacondetre.com\/fr\/wp-content\/uploads\/2021\/11\/ENNEAGRAMMEPICDUMIDI2.png 1601w, https:\/\/assoyogafacondetre.com\/fr\/wp-content\/uploads\/2021\/11\/ENNEAGRAMMEPICDUMIDI2-300x300.png 300w, https:\/\/assoyogafacondetre.com\/fr\/wp-content\/uploads\/2021\/11\/ENNEAGRAMMEPICDUMIDI2-1024x1024.png 1024w, https:\/\/assoyogafacondetre.com\/fr\/wp-content\/uploads\/2021\/11\/ENNEAGRAMMEPICDUMIDI2-150x150.png 150w, https:\/\/assoyogafacondetre.com\/fr\/wp-content\/uploads\/2021\/11\/ENNEAGRAMMEPICDUMIDI2-768x768.png 768w, https:\/\/assoyogafacondetre.com\/fr\/wp-content\/uploads\/2021\/11\/ENNEAGRAMMEPICDUMIDI2-1536x1536.png 1536w\" sizes=\"auto, (max-width: 312px) 100vw, 312px\" \/><img loading=\"lazy\" decoding=\"async\" class=\"wp-image-1427\" src=\"https:\/\/assoyogafacondetre.com\/fr\/wp-content\/uploads\/2021\/11\/1920px-Enneagram.svg_.png\" alt=\"\" width=\"447\" height=\"447\" srcset=\"https:\/\/assoyogafacondetre.com\/fr\/wp-content\/uploads\/2021\/11\/1920px-Enneagram.svg_.png 1920w, https:\/\/assoyogafacondetre.com\/fr\/wp-content\/uploads\/2021\/11\/1920px-Enneagram.svg_-300x300.png 300w, https:\/\/assoyogafacondetre.com\/fr\/wp-content\/uploads\/2021\/11\/1920px-Enneagram.svg_-1024x1024.png 1024w, https:\/\/assoyogafacondetre.com\/fr\/wp-content\/uploads\/2021\/11\/1920px-Enneagram.svg_-150x150.png 150w, https:\/\/assoyogafacondetre.com\/fr\/wp-content\/uploads\/2021\/11\/1920px-Enneagram.svg_-768x768.png 768w, https:\/\/assoyogafacondetre.com\/fr\/wp-content\/uploads\/2021\/11\/1920px-Enneagram.svg_-1536x1536.png 1536w\" sizes=\"auto, (max-width: 447px) 100vw, 447px\" \/><\/div>\n<p>Il existe toutes sortes de typologies : typologie astrologique, typologie de la psychologie des profondeurs, etc&#8230; celle de l&rsquo;Enneagramme que nous vous pr\u00e9sentons est celle qui peut nous faire progresser le plus rapidement si on s&rsquo;y int\u00e9resse avec s\u00e9rieux&#8230;<\/p>\n<p><strong>Ateliers, stages, formations<\/strong> vous sont propos\u00e9s, retrouvez toutes les dates dans <a href=\"https:\/\/assoyogafacondetre.com\/fr\/calendrier\/\">notre calendrier<\/a>.<\/p>\n<h4><span style=\"color: #0000ff;\">D\u00c9COUVERTE ENNEAGRAMME \u00e0 40800 AIRE SUR L&rsquo;ADOUR :<\/span><\/h4>\n<ul>\n<li>a venir&#8230;<\/li>\n<\/ul>\n\n\n<p><\/p>\n","protected":false},"excerpt":{"rendered":"<p>Prendre de la hauteur, avec l&rsquo;Enneagramme&#8230; L&rsquo;Enneagramme est une m\u00e9thode visant \u00e0 une meilleure connaissance de soi, de l&rsquo;autre et des autres, pour r\u00e9pondre \u00e0 la plus grande \u00e9nigme de tous les temps : \u00ab\u00a0qui suis-je ?\u00a0\u00bb L&rsquo;Enneagramme tel qu&rsquo;il est repr\u00e9sent\u00e9 ici, avec ses nombres de 1 \u00e0 9, repr\u00e9sente 9 types possibles d&rsquo;\u00eatres &#8230; <a title=\"Enn\u00e9agramme\" class=\"read-more\" href=\"https:\/\/assoyogafacondetre.com\/fr\/ateliers-conferences\/enneagramme\/\" aria-label=\"En savoir plus sur Enn\u00e9agramme\">Lire la suite<\/a><\/p>\n","protected":false},"author":1,"featured_media":0,"parent":59,"menu_order":0,"comment_status":"closed","ping_status":"closed","template":"","meta":{"footnotes":""},"class_list":["post-1190","page","type-page","status-publish"],"aioseo_notices":[],"_links":{"self":[{"href":"https:\/\/assoyogafacondetre.com\/fr\/wp-json\/wp\/v2\/pages\/1190","targetHints":{"allow":["GET"]}}],"collection":[{"href":"https:\/\/assoyogafacondetre.com\/fr\/wp-json\/wp\/v2\/pages"}],"about":[{"href":"https:\/\/assoyogafacondetre.com\/fr\/wp-json\/wp\/v2\/types\/page"}],"author":[{"embeddable":true,"href":"https:\/\/assoyogafacondetre.com\/fr\/wp-json\/wp\/v2\/users\/1"}],"replies":[{"embeddable":true,"href":"https:\/\/assoyogafacondetre.com\/fr\/wp-json\/wp\/v2\/comments?post=1190"}],"version-history":[{"count":4,"href":"https:\/\/assoyogafacondetre.com\/fr\/wp-json\/wp\/v2\/pages\/1190\/revisions"}],"predecessor-version":[{"id":19988,"href":"https:\/\/assoyogafacondetre.com\/fr\/wp-json\/wp\/v2\/pages\/1190\/revisions\/19988"}],"up":[{"embeddable":true,"href":"https:\/\/assoyogafacondetre.com\/fr\/wp-json\/wp\/v2\/pages\/59"}],"wp:attachment":[{"href":"https:\/\/assoyogafacondetre.com\/fr\/wp-json\/wp\/v2\/media?parent=1190"}],"curies":[{"name":"wp","href":"https:\/\/api.w.org\/{rel}","templated":true}]}}