{"id":1192,"date":"2021-11-24T17:54:41","date_gmt":"2021-11-24T16:54:41","guid":{"rendered":"https:\/\/assoyogafacondetre.com\/fr\/?page_id=1192"},"modified":"2025-09-04T15:17:36","modified_gmt":"2025-09-04T13:17:36","slug":"special-articulation","status":"publish","type":"page","link":"https:\/\/assoyogafacondetre.com\/fr\/ateliers-conferences\/special-articulation\/","title":{"rendered":"Sp\u00e9cial Articulation"},"content":{"rendered":"<h3>Le Lahore Nadi\u00a0 Yoga<\/h3>\n<p><img loading=\"lazy\" decoding=\"async\" class=\"wp-image-1412 alignleft img-align\" src=\"https:\/\/assoyogafacondetre.com\/fr\/wp-content\/uploads\/2021\/11\/vlcsnap-2021-11-14-20h34m47s357.jpg\" alt=\"\" width=\"273\" height=\"154\" srcset=\"https:\/\/assoyogafacondetre.com\/fr\/wp-content\/uploads\/2021\/11\/vlcsnap-2021-11-14-20h34m47s357.jpg 1920w, https:\/\/assoyogafacondetre.com\/fr\/wp-content\/uploads\/2021\/11\/vlcsnap-2021-11-14-20h34m47s357-300x169.jpg 300w, https:\/\/assoyogafacondetre.com\/fr\/wp-content\/uploads\/2021\/11\/vlcsnap-2021-11-14-20h34m47s357-1024x576.jpg 1024w, https:\/\/assoyogafacondetre.com\/fr\/wp-content\/uploads\/2021\/11\/vlcsnap-2021-11-14-20h34m47s357-768x432.jpg 768w, https:\/\/assoyogafacondetre.com\/fr\/wp-content\/uploads\/2021\/11\/vlcsnap-2021-11-14-20h34m47s357-1536x864.jpg 1536w\" sizes=\"auto, (max-width: 273px) 100vw, 273px\" \/>Pratiquer le <strong>Yoga c&rsquo;est se reconnecter<\/strong>.\u00a0Se reconnecter \u00e0 certaines partie de soi ; se reconnecter aux autres et\/ou au monde qui nous entoure.<\/p>\n<p>Le <strong>Lahore Nadi Yoga<\/strong> <strong>selon Idris Lahore<\/strong> est une forme non-violente et douce de yoga.<\/p>\n<p>Il permet de remettre en place les <strong>micro-luxations articulaires<\/strong> de toutes les vert\u00e8bres. Sachant que chaque vert\u00e8bre est reli\u00e9e \u00e0 un organe, un syst\u00e8me, une ligne \u00e9nerg\u00e9tique, agir sur la colonne est b\u00e9n\u00e9fique pour tout le corps.<\/p>\n<p>L&rsquo;efficacit\u00e9 des postures est le r\u00e9sultat de l&rsquo;association de 2 \u00e9l\u00e9ments : attention \u00e0 la posture ; attention \u00e0 la pratique de la respiration sp\u00e9cifique sp\u00e9cifique abdominale&#8230; \u00e0 d\u00e9couvrir avec nous.<\/p>\n<p>Nous contacter<\/p>\n<hr \/>\n<h3>Les Techniques\u00a0 Vert\u00e9brales et Articulaires<br \/>\n<em>(auto-osth\u00e9opathie)<\/em><\/h3>\n<p>Certaines <strong>postures<\/strong> ou <strong>asanas<\/strong> ou encore <strong>arkanas th\u00e9rapeutiques<\/strong> agissent principalement sur les vert\u00e8bres cervicales et lombaires ; d&rsquo;autres, plus dynamiques se pratiquent debout et agissent sur toute la <strong>colonne vert\u00e9brale<\/strong>, et plus particuli\u00e8rement sur le sacrum et le bassin ; d&rsquo;autres, en position allong\u00e9e agissent sur les vert\u00e8bres dorsales et sur les membres.<\/p>\n","protected":false},"excerpt":{"rendered":"<p>Le Lahore Nadi\u00a0 Yoga Pratiquer le Yoga c&rsquo;est se reconnecter.\u00a0Se reconnecter \u00e0 certaines partie de soi ; se reconnecter aux autres et\/ou au monde qui nous entoure. Le Lahore Nadi Yoga selon Idris Lahore est une forme non-violente et douce de yoga. Il permet de remettre en place les micro-luxations articulaires de toutes les vert\u00e8bres. &#8230; <a title=\"Sp\u00e9cial Articulation\" class=\"read-more\" href=\"https:\/\/assoyogafacondetre.com\/fr\/ateliers-conferences\/special-articulation\/\" aria-label=\"En savoir plus sur Sp\u00e9cial Articulation\">Lire la suite<\/a><\/p>\n","protected":false},"author":1,"featured_media":0,"parent":59,"menu_order":0,"comment_status":"closed","ping_status":"closed","template":"","meta":{"footnotes":""},"class_list":["post-1192","page","type-page","status-publish"],"aioseo_notices":[],"_links":{"self":[{"href":"https:\/\/assoyogafacondetre.com\/fr\/wp-json\/wp\/v2\/pages\/1192","targetHints":{"allow":["GET"]}}],"collection":[{"href":"https:\/\/assoyogafacondetre.com\/fr\/wp-json\/wp\/v2\/pages"}],"about":[{"href":"https:\/\/assoyogafacondetre.com\/fr\/wp-json\/wp\/v2\/types\/page"}],"author":[{"embeddable":true,"href":"https:\/\/assoyogafacondetre.com\/fr\/wp-json\/wp\/v2\/users\/1"}],"replies":[{"embeddable":true,"href":"https:\/\/assoyogafacondetre.com\/fr\/wp-json\/wp\/v2\/comments?post=1192"}],"version-history":[{"count":6,"href":"https:\/\/assoyogafacondetre.com\/fr\/wp-json\/wp\/v2\/pages\/1192\/revisions"}],"predecessor-version":[{"id":19861,"href":"https:\/\/assoyogafacondetre.com\/fr\/wp-json\/wp\/v2\/pages\/1192\/revisions\/19861"}],"up":[{"embeddable":true,"href":"https:\/\/assoyogafacondetre.com\/fr\/wp-json\/wp\/v2\/pages\/59"}],"wp:attachment":[{"href":"https:\/\/assoyogafacondetre.com\/fr\/wp-json\/wp\/v2\/media?parent=1192"}],"curies":[{"name":"wp","href":"https:\/\/api.w.org\/{rel}","templated":true}]}}