{"id":1195,"date":"2021-11-24T17:55:31","date_gmt":"2021-11-24T16:55:31","guid":{"rendered":"https:\/\/assoyogafacondetre.com\/fr\/?page_id=1195"},"modified":"2025-09-04T15:07:50","modified_gmt":"2025-09-04T13:07:50","slug":"constellations-ancestrales","status":"publish","type":"page","link":"https:\/\/assoyogafacondetre.com\/fr\/ateliers-conferences\/constellations-ancestrales\/","title":{"rendered":"Constellations familiales ou ancestrales"},"content":{"rendered":"<h4 style=\"text-align: center;\">\u00a0\u00a0\u00a0\u00a0\u00a0Et si notre pr\u00e9sent \u00e9tait directement en lien avec notre pass\u00e9, nos a\u00efeuls ou nos anc\u00eatres ?<\/h4>\n<p><img loading=\"lazy\" decoding=\"async\" class=\"aligncenter\" src=\"https:\/\/assoyogafacondetre.com\/fr\/wp-content\/uploads\/2022\/07\/index.jpg\" width=\"459\" height=\"258\" \/><\/p>\n<p>Les <em>constellations familiales ou ancestrales<\/em> ont une autre appellation : les <strong>Techniques Transg\u00e9n\u00e9rationnelles et Syst\u00e9miques<\/strong>.<\/p>\n<h3><span style=\"color: #0000ff;\">CONF\u00c9RENCE T.T.S. &#8211; Syst\u00e9mie : 5\u00e8me \u00e9l\u00e9ment fondamental<\/span><\/h3>\n<h3><\/h3>\n<h3><span style=\"color: #0000ff;\">ATELIER EN PR\u00c9SENTIEL :\u00a0<\/span><\/h3>\n<p>Nous avons tous des <strong>ressemblances<\/strong> avec certains membres de notre famille, par exemple, pour moi\u00a0 : la d\u00e9marche de mon arri\u00e8re grand-p\u00e8re que je n&rsquo;ai m\u00eame pas connu, et son sourire !&#8230; Et \u00e0 notre surprise, cette passion pour les langues \u00e9trang\u00e8res qui se transmet <strong>de g\u00e9n\u00e9ration en g\u00e9n\u00e9ration<\/strong> dans notre famille : ma grand-m\u00e8re maternelle qui parlait occitan et Fran\u00e7ais, puis ma m\u00e8re, moi (m\u00eame si je pr\u00e9f\u00e9rais l&rsquo;anglais et l&rsquo;Espagnol !) et ma fille qui est devenu professeur d&rsquo;occitan et d&rsquo;espagnol ! Mon fils qui a pass\u00e9 4 mois en \u00c9quateur et adore l&rsquo;Espagnol&#8230; (aujourd&rsquo;hui il vit au Japon, parle le japonais et l&rsquo;anglais !), un don pour la musique, le c\u00f4t\u00e9 cr\u00e9atif, une capacit\u00e9 d&rsquo;organisation, etc&#8230;<\/p>\n<p><img loading=\"lazy\" decoding=\"async\" class=\"aligncenter\" src=\"https:\/\/assoyogafacondetre.com\/fr\/wp-content\/uploads\/2022\/07\/croppedimage-44dff35a612d41c1813997542635624c.png\" width=\"463\" height=\"260\" \/><\/p>\n<p>Habituellement, nous pensons que ce qui nous arrive est de notre fait, voire de notre faute, ou encore la cons\u00e9quence de notre pass\u00e9 personnel. Or les <strong>constellations familiales ou ancestrales<\/strong> (pratiques bas\u00e9es sur les connaissances transg\u00e9n\u00e9rationnelles) nous montrent que, lorsque nous faisons quelque chose que nous ne voudrions pas faire ou lorsque nous ne faisons pas quelque chose que nous voudrions faire, ce n&rsquo;est pas toujours de notre fait, mais parfois li\u00e9 \u00e0 ce qu&rsquo;un membre de notre syst\u00e8me familial ou ancestral a fait ou n\u00e9glig\u00e9 de faire.<\/p>\n<p>Ceci veut dire que nous reproduisons tr\u00e8s souvent des comportements, des situations qu&rsquo;un membre de notre syst\u00e8me familial ou ancestral a d\u00e9j\u00e0 v\u00e9cus.<\/p>\n<blockquote>\n<h4>Comment se lib\u00e9rer des successions d&rsquo;\u00e9v\u00e9nements, de situations ou de comportements lorsque ceux-ci sont n\u00e9gatifs voire ont fait de gros d\u00e9g\u00e2ts dans notre famille ou les g\u00e9n\u00e9rations pr\u00e9c\u00e9dentes ?<\/h4>\n<\/blockquote>\n<p><img loading=\"lazy\" decoding=\"async\" class=\"aligncenter\" style=\"font-size: 19.2px; font-style: italic;\" src=\"https:\/\/assoyogafacondetre.com\/fr\/wp-content\/uploads\/2022\/07\/AdobeStock_226751367.jpeg\" width=\"361\" height=\"241\" \/><\/p>\n<p>Se lib\u00e9rer de ces contraintes trans-g\u00e9n\u00e9rationnelles est \u00e9galement possible lors de s\u00e9ances d&rsquo;Ayurveda \u00c9nerg\u00e9tique, <a href=\"https:\/\/assoyogafacondetre.com\/fr\/contact\/\">n&rsquo;h\u00e9sitez pas \u00e0 nous contacter<\/a>.<\/p>\n","protected":false},"excerpt":{"rendered":"<p>\u00a0\u00a0\u00a0\u00a0\u00a0Et si notre pr\u00e9sent \u00e9tait directement en lien avec notre pass\u00e9, nos a\u00efeuls ou nos anc\u00eatres ? Les constellations familiales ou ancestrales ont une autre appellation : les Techniques Transg\u00e9n\u00e9rationnelles et Syst\u00e9miques. CONF\u00c9RENCE T.T.S. &#8211; Syst\u00e9mie : 5\u00e8me \u00e9l\u00e9ment fondamental ATELIER EN PR\u00c9SENTIEL :\u00a0 Nous avons tous des ressemblances avec certains membres de notre famille, &#8230; <a title=\"Constellations familiales ou ancestrales\" class=\"read-more\" href=\"https:\/\/assoyogafacondetre.com\/fr\/ateliers-conferences\/constellations-ancestrales\/\" aria-label=\"En savoir plus sur Constellations familiales ou ancestrales\">Lire la suite<\/a><\/p>\n","protected":false},"author":1,"featured_media":0,"parent":59,"menu_order":0,"comment_status":"closed","ping_status":"closed","template":"","meta":{"footnotes":""},"class_list":["post-1195","page","type-page","status-publish"],"aioseo_notices":[],"_links":{"self":[{"href":"https:\/\/assoyogafacondetre.com\/fr\/wp-json\/wp\/v2\/pages\/1195","targetHints":{"allow":["GET"]}}],"collection":[{"href":"https:\/\/assoyogafacondetre.com\/fr\/wp-json\/wp\/v2\/pages"}],"about":[{"href":"https:\/\/assoyogafacondetre.com\/fr\/wp-json\/wp\/v2\/types\/page"}],"author":[{"embeddable":true,"href":"https:\/\/assoyogafacondetre.com\/fr\/wp-json\/wp\/v2\/users\/1"}],"replies":[{"embeddable":true,"href":"https:\/\/assoyogafacondetre.com\/fr\/wp-json\/wp\/v2\/comments?post=1195"}],"version-history":[{"count":4,"href":"https:\/\/assoyogafacondetre.com\/fr\/wp-json\/wp\/v2\/pages\/1195\/revisions"}],"predecessor-version":[{"id":19987,"href":"https:\/\/assoyogafacondetre.com\/fr\/wp-json\/wp\/v2\/pages\/1195\/revisions\/19987"}],"up":[{"embeddable":true,"href":"https:\/\/assoyogafacondetre.com\/fr\/wp-json\/wp\/v2\/pages\/59"}],"wp:attachment":[{"href":"https:\/\/assoyogafacondetre.com\/fr\/wp-json\/wp\/v2\/media?parent=1195"}],"curies":[{"name":"wp","href":"https:\/\/api.w.org\/{rel}","templated":true}]}}