{"id":1199,"date":"2021-11-24T17:56:58","date_gmt":"2021-11-24T16:56:58","guid":{"rendered":"https:\/\/assoyogafacondetre.com\/fr\/?page_id=1199"},"modified":"2025-01-30T16:13:54","modified_gmt":"2025-01-30T15:13:54","slug":"cuisine","status":"publish","type":"page","link":"https:\/\/assoyogafacondetre.com\/fr\/ateliers-conferences\/cuisine\/","title":{"rendered":"Cuisine"},"content":{"rendered":"<p style=\"text-align: center;\"><span style=\"color: #333399;\"><strong><em>Lors de tous nos stages,<\/em> <\/strong><\/span><\/p>\n<h3 style=\"text-align: center;\"><em><strong>Venez d\u00e9guster les menus v\u00e9g\u00e9tariens go\u00fbteux, aux saveurs subtiles, <\/strong><\/em><\/h3>\n<h2 style=\"text-align: center;\"><strong><span style=\"color: #008000;\"><em>Bon App\u00e9tit !<\/em><br \/>\n<\/span><\/strong><\/h2>\n<p><img loading=\"lazy\" decoding=\"async\" class=\" wp-image-1436 aligncenter\" src=\"https:\/\/assoyogafacondetre.com\/fr\/wp-content\/uploads\/2021\/11\/aa815e23-8fee-4175-9c15-ed22e7b503a4-e1638395842777.jpg\" alt=\"\" width=\"762\" height=\"251\" srcset=\"https:\/\/assoyogafacondetre.com\/fr\/wp-content\/uploads\/2021\/11\/aa815e23-8fee-4175-9c15-ed22e7b503a4-e1638395842777.jpg 1600w, https:\/\/assoyogafacondetre.com\/fr\/wp-content\/uploads\/2021\/11\/aa815e23-8fee-4175-9c15-ed22e7b503a4-e1638395842777-300x99.jpg 300w, https:\/\/assoyogafacondetre.com\/fr\/wp-content\/uploads\/2021\/11\/aa815e23-8fee-4175-9c15-ed22e7b503a4-e1638395842777-1024x338.jpg 1024w, https:\/\/assoyogafacondetre.com\/fr\/wp-content\/uploads\/2021\/11\/aa815e23-8fee-4175-9c15-ed22e7b503a4-e1638395842777-768x253.jpg 768w, https:\/\/assoyogafacondetre.com\/fr\/wp-content\/uploads\/2021\/11\/aa815e23-8fee-4175-9c15-ed22e7b503a4-e1638395842777-1536x507.jpg 1536w\" sizes=\"auto, (max-width: 762px) 100vw, 762px\" \/><\/p>\n<hr \/>\n<h2 style=\"text-align: center;\"><span style=\"color: #333399;\"><strong><em>Bibliographie<\/em> : NOTRE\u00a0 S\u00c9LECTION<\/strong><\/span><\/h2>\n<h3 style=\"text-align: center;\">3 ouvrages de Mich\u00e8le SCHMITT-REMARK<\/h3>\n<p style=\"text-align: center;\">3 livres au prix de 18 \u20ac l&rsquo;unit\u00e9, pour les r\u00e9ponses \u00e0 toutes vos questions&#8230;<\/p>\n<div class=\"ribbon-container\"><img loading=\"lazy\" decoding=\"async\" class=\"alignnone wp-image-1536\" src=\"https:\/\/assoyogafacondetre.com\/fr\/wp-content\/uploads\/2021\/12\/livre-alimentation-sante-spiritualite-michele-schmitt-remark.jpg\" alt=\"\" width=\"215\" height=\"215\" srcset=\"https:\/\/assoyogafacondetre.com\/fr\/wp-content\/uploads\/2021\/12\/livre-alimentation-sante-spiritualite-michele-schmitt-remark.jpg 800w, https:\/\/assoyogafacondetre.com\/fr\/wp-content\/uploads\/2021\/12\/livre-alimentation-sante-spiritualite-michele-schmitt-remark-300x300.jpg 300w, https:\/\/assoyogafacondetre.com\/fr\/wp-content\/uploads\/2021\/12\/livre-alimentation-sante-spiritualite-michele-schmitt-remark-150x150.jpg 150w, https:\/\/assoyogafacondetre.com\/fr\/wp-content\/uploads\/2021\/12\/livre-alimentation-sante-spiritualite-michele-schmitt-remark-768x768.jpg 768w\" sizes=\"auto, (max-width: 215px) 100vw, 215px\" \/> <img loading=\"lazy\" decoding=\"async\" class=\"alignnone wp-image-1538\" src=\"https:\/\/assoyogafacondetre.com\/fr\/wp-content\/uploads\/2021\/12\/livre-les-recettes-vegetariennes-gourmandes-un-delice-dans-votre-assiette-michele-schmitt-remark.jpg\" alt=\"\" width=\"215\" height=\"215\" srcset=\"https:\/\/assoyogafacondetre.com\/fr\/wp-content\/uploads\/2021\/12\/livre-les-recettes-vegetariennes-gourmandes-un-delice-dans-votre-assiette-michele-schmitt-remark.jpg 800w, https:\/\/assoyogafacondetre.com\/fr\/wp-content\/uploads\/2021\/12\/livre-les-recettes-vegetariennes-gourmandes-un-delice-dans-votre-assiette-michele-schmitt-remark-300x300.jpg 300w, https:\/\/assoyogafacondetre.com\/fr\/wp-content\/uploads\/2021\/12\/livre-les-recettes-vegetariennes-gourmandes-un-delice-dans-votre-assiette-michele-schmitt-remark-150x150.jpg 150w, https:\/\/assoyogafacondetre.com\/fr\/wp-content\/uploads\/2021\/12\/livre-les-recettes-vegetariennes-gourmandes-un-delice-dans-votre-assiette-michele-schmitt-remark-768x768.jpg 768w\" sizes=\"auto, (max-width: 215px) 100vw, 215px\" \/><a class=\"shown\" title=\"Livre &quot;Bio, sain et v\u00e9g\u00e9tarien, recettes d'Orient et d'Occident&quot; Mich\u00e8le Schmitt-Remark\" href=\"https:\/\/www.samashop.fr\/3567-thickbox_default\/livre-bio-sain-et-vegetarien-recettes-d-orient-et-d-occident-michele-schmitt-remark.jpg\" data-fancybox-group=\"other-views\" data-gallery=\"#product-blueimp-gallery-images\"> \u00a0\u00a0\u00a0 <img loading=\"lazy\" decoding=\"async\" id=\"thumb_3567\" class=\"img-responsive\" title=\"Livre &quot;Bio, sain et v\u00e9g\u00e9tarien, recettes d'Orient et d'Occident&quot; Mich\u00e8le Schmitt-Remark\" src=\"https:\/\/www.samashop.fr\/3567-cart_default\/livre-bio-sain-et-vegetarien-recettes-d-orient-et-d-occident-michele-schmitt-remark.jpg\" alt=\"Livre &quot;Bio, sain et v\u00e9g\u00e9tarien, recettes d'Orient et d'Occident&quot; Mich\u00e8le Schmitt-Remark\" width=\"186\" height=\"186\" \/><\/a><a class=\"\" title=\"Livre &quot;Bio, sain et v\u00e9g\u00e9tarien, recettes d'Orient et d'Occident&quot; Mich\u00e8le Schmitt-Remark\" href=\"https:\/\/www.samashop.fr\/3568-thickbox_default\/livre-bio-sain-et-vegetarien-recettes-d-orient-et-d-occident-michele-schmitt-remark.jpg\" data-fancybox-group=\"other-views\" data-gallery=\"#product-blueimp-gallery-images\"> <img loading=\"lazy\" decoding=\"async\" id=\"thumb_3568\" class=\"img-responsive\" title=\"Livre &quot;Bio, sain et v\u00e9g\u00e9tarien, recettes d'Orient et d'Occident&quot; Mich\u00e8le Schmitt-Remark\" src=\"https:\/\/www.samashop.fr\/3568-cart_default\/livre-bio-sain-et-vegetarien-recettes-d-orient-et-d-occident-michele-schmitt-remark.jpg\" alt=\"Livre &quot;Bio, sain et v\u00e9g\u00e9tarien, recettes d'Orient et d'Occident&quot; Mich\u00e8le Schmitt-Remark\" width=\"80\" height=\"80\" \/><\/a><\/div>\n<div>\n<div class=\"pb-left-column col-xs-12 col-sm-4\">\n<div id=\"views_block\" class=\"clearfix\">\n<div id=\"thumbs_list\">\n<ul id=\"thumbs_list_frame\">\n<li id=\"thumbnail_3568\" class=\"last\"><a href=\"https:\/\/www.samashop.fr\/\">Possibilit\u00e9 de commander sur le site www.samashop.com<\/a><\/li>\n<\/ul>\n<\/div>\n<\/div>\n<\/div>\n<div class=\"pb-center-column col-xs-12 col-sm-4\">\n<div id=\"short_description_block\">\n<div id=\"short_description_content\" class=\"rte align_justify\">\n<h2 style=\"text-align: center;\"><em>\u00e0 l&rsquo;\u00e9tude<br \/>\nWeek-end \u00e0 la red\u00e9couverte des 5 sens\u00a0<\/em><\/h2>\n<h4><\/h4>\n<h3>\u00ab\u00a0Autour de la fabrication du pain au levain, cuisson au four \u00e0 bois traditionnel\u00a0\u00bb&#8230;<\/h3>\n<h3><img loading=\"lazy\" decoding=\"async\" class=\"aligncenter\" src=\"https:\/\/assoyogafacondetre.com\/fr\/wp-content\/uploads\/2022\/07\/petrissage-pain.jpg\" width=\"492\" height=\"275\" \/><\/h3>\n<p>Re-connexion \u00e0 soi-m\u00eame, aux autres et au monde,<\/p>\n<p>Retrouver le go\u00fbt de p\u00e9trir, de malaxer, d&rsquo;\u00e9tirer, de d\u00e9couper, le plaisir de d\u00e9couvrir et se red\u00e9couvrir, de fa\u00e7onner&#8230; en conscience, en prenant le temps, de se cr\u00e9er \u00e0 travers la mati\u00e8re&#8230;. Eau, Chaleur, Bois, M\u00e9tal, Air&#8230;<\/p>\n<\/div>\n<\/div>\n<\/div>\n<\/div>\n","protected":false},"excerpt":{"rendered":"<p>Lors de tous nos stages, Venez d\u00e9guster les menus v\u00e9g\u00e9tariens go\u00fbteux, aux saveurs subtiles, Bon App\u00e9tit ! Bibliographie : NOTRE\u00a0 S\u00c9LECTION 3 ouvrages de Mich\u00e8le SCHMITT-REMARK 3 livres au prix de 18 \u20ac l&rsquo;unit\u00e9, pour les r\u00e9ponses \u00e0 toutes vos questions&#8230; \u00a0\u00a0\u00a0 Possibilit\u00e9 de commander sur le site www.samashop.com \u00e0 l&rsquo;\u00e9tude Week-end \u00e0 la red\u00e9couverte &#8230; <a title=\"Cuisine\" class=\"read-more\" href=\"https:\/\/assoyogafacondetre.com\/fr\/ateliers-conferences\/cuisine\/\" aria-label=\"En savoir plus sur Cuisine\">Lire la suite<\/a><\/p>\n","protected":false},"author":1,"featured_media":0,"parent":59,"menu_order":0,"comment_status":"closed","ping_status":"closed","template":"","meta":{"footnotes":""},"class_list":["post-1199","page","type-page","status-publish"],"aioseo_notices":[],"_links":{"self":[{"href":"https:\/\/assoyogafacondetre.com\/fr\/wp-json\/wp\/v2\/pages\/1199","targetHints":{"allow":["GET"]}}],"collection":[{"href":"https:\/\/assoyogafacondetre.com\/fr\/wp-json\/wp\/v2\/pages"}],"about":[{"href":"https:\/\/assoyogafacondetre.com\/fr\/wp-json\/wp\/v2\/types\/page"}],"author":[{"embeddable":true,"href":"https:\/\/assoyogafacondetre.com\/fr\/wp-json\/wp\/v2\/users\/1"}],"replies":[{"embeddable":true,"href":"https:\/\/assoyogafacondetre.com\/fr\/wp-json\/wp\/v2\/comments?post=1199"}],"version-history":[{"count":5,"href":"https:\/\/assoyogafacondetre.com\/fr\/wp-json\/wp\/v2\/pages\/1199\/revisions"}],"predecessor-version":[{"id":19857,"href":"https:\/\/assoyogafacondetre.com\/fr\/wp-json\/wp\/v2\/pages\/1199\/revisions\/19857"}],"up":[{"embeddable":true,"href":"https:\/\/assoyogafacondetre.com\/fr\/wp-json\/wp\/v2\/pages\/59"}],"wp:attachment":[{"href":"https:\/\/assoyogafacondetre.com\/fr\/wp-json\/wp\/v2\/media?parent=1199"}],"curies":[{"name":"wp","href":"https:\/\/api.w.org\/{rel}","templated":true}]}}